{"id":3711,"date":"2024-04-24T15:31:44","date_gmt":"2024-04-24T15:31:44","guid":{"rendered":"https:\/\/paceco-momentum.com\/noticias\/"},"modified":"2025-09-30T15:51:16","modified_gmt":"2025-09-30T15:51:16","slug":"news","status":"publish","type":"page","link":"https:\/\/paceco-momentum.com\/en\/news\/","title":{"rendered":"News"},"content":{"rendered":"\t\t<div data-elementor-type=\"wp-page\" data-elementor-id=\"3711\" class=\"elementor elementor-3711 elementor-3500\" data-elementor-post-type=\"page\">\n\t\t\t\t<div class=\"elementor-element elementor-element-3baf2a4 e-flex e-con-boxed e-con e-parent\" data-id=\"3baf2a4\" data-element_type=\"container\" data-e-type=\"container\">\n\t\t\t\t\t<div class=\"e-con-inner\">\n\t\t\t\t<div class=\"elementor-element elementor-element-dd6cfa9 elementor-widget elementor-widget-heading\" data-id=\"dd6cfa9\" data-element_type=\"widget\" data-e-type=\"widget\" data-widget_type=\"heading.default\">\n\t\t\t\t<div class=\"elementor-widget-container\">\n\t\t\t\t\t<h2 class=\"elementor-heading-title elementor-size-default\">News<\/h2>\t\t\t\t<\/div>\n\t\t\t\t<\/div>\n\t\t\t\t<div class=\"elementor-element elementor-element-3e768dc elementor-search-form--button-type-text elementor-widget__width-initial elementor-search-form--skin-classic elementor-widget elementor-widget-search-form\" data-id=\"3e768dc\" data-element_type=\"widget\" data-e-type=\"widget\" data-settings=\"{&quot;skin&quot;:&quot;classic&quot;}\" data-widget_type=\"search-form.default\">\n\t\t\t\t<div class=\"elementor-widget-container\">\n\t\t\t\t\t\t\t<search role=\"search\">\n\t\t\t<form class=\"elementor-search-form\" action=\"https:\/\/paceco-momentum.com\/en\/\" method=\"get\">\n\t\t\t\t\t\t\t\t\t\t\t\t<div class=\"elementor-search-form__container\">\n\t\t\t\t\t<label class=\"elementor-screen-only\" for=\"elementor-search-form-3e768dc\">Search<\/label>\n\n\t\t\t\t\t\n\t\t\t\t\t<input id=\"elementor-search-form-3e768dc\" placeholder=\"Buscar...\" class=\"elementor-search-form__input\" type=\"search\" name=\"s\" value=\"\">\n\t\t\t\t\t<input type='hidden' name='lang' value='en' \/>\n\t\t\t\t\t\t\t\t\t\t\t<button class=\"elementor-search-form__submit\" type=\"submit\" aria-label=\"Search\">\n\t\t\t\t\t\t\t\t\t\t\t\t\t\t\tBuscar\t\t\t\t\t\t\t\t\t\t\t\t\t<\/button>\n\t\t\t\t\t\n\t\t\t\t\t\t\t\t\t<\/div>\n\t\t\t<\/form>\n\t\t<\/search>\n\t\t\t\t\t\t<\/div>\n\t\t\t\t<\/div>\n\t\t\t\t<div class=\"elementor-element elementor-element-0bc2d1c elementor-posts__hover-none elementor-grid-2 elementor-grid-tablet-2 elementor-grid-mobile-1 elementor-posts--thumbnail-top elementor-widget elementor-widget-posts\" data-id=\"0bc2d1c\" data-element_type=\"widget\" data-e-type=\"widget\" data-settings=\"{&quot;cards_row_gap&quot;:{&quot;unit&quot;:&quot;px&quot;,&quot;size&quot;:&quot;20&quot;,&quot;sizes&quot;:[]},&quot;cards_row_gap_mobile&quot;:{&quot;unit&quot;:&quot;px&quot;,&quot;size&quot;:&quot;24&quot;,&quot;sizes&quot;:[]},&quot;cards_columns&quot;:&quot;2&quot;,&quot;cards_columns_tablet&quot;:&quot;2&quot;,&quot;cards_columns_mobile&quot;:&quot;1&quot;,&quot;cards_row_gap_tablet&quot;:{&quot;unit&quot;:&quot;px&quot;,&quot;size&quot;:&quot;&quot;,&quot;sizes&quot;:[]}}\" data-widget_type=\"posts.cards\">\n\t\t\t\t<div class=\"elementor-widget-container\">\n\t\t\t\t\t\t\t<div class=\"elementor-posts-container elementor-posts elementor-posts--skin-cards elementor-grid\" role=\"list\">\n\t\t\t\t<article class=\"elementor-post elementor-grid-item post-3934 post type-post status-publish format-standard has-post-thumbnail hentry category-news tag-news\" role=\"listitem\">\n\t\t\t<div class=\"elementor-post__card\">\n\t\t\t\t<a class=\"elementor-post__thumbnail__link\" href=\"https:\/\/paceco-momentum.com\/en\/paceco-group-will-be-present-at-toc-asia-2025\/\" tabindex=\"-1\" ><div class=\"elementor-post__thumbnail\"><img fetchpriority=\"high\" decoding=\"async\" width=\"768\" height=\"432\" src=\"https:\/\/paceco-momentum.com\/wp-content\/uploads\/2025\/11\/Definitivo-TOC-ASIA-2025-768x432.png\" class=\"attachment-medium_large size-medium_large wp-image-3930\" alt=\"\" srcset=\"https:\/\/paceco-momentum.com\/wp-content\/uploads\/2025\/11\/Definitivo-TOC-ASIA-2025-768x432.png 768w, https:\/\/paceco-momentum.com\/wp-content\/uploads\/2025\/11\/Definitivo-TOC-ASIA-2025-300x169.png 300w, https:\/\/paceco-momentum.com\/wp-content\/uploads\/2025\/11\/Definitivo-TOC-ASIA-2025-1024x576.png 1024w, https:\/\/paceco-momentum.com\/wp-content\/uploads\/2025\/11\/Definitivo-TOC-ASIA-2025.png 1280w\" sizes=\"(max-width: 768px) 100vw, 768px\" \/><\/div><\/a>\n\t\t\t\t<div class=\"elementor-post__text\">\n\t\t\t\t<h3 class=\"elementor-post__title\">\n\t\t\t<a href=\"https:\/\/paceco-momentum.com\/en\/paceco-group-will-be-present-at-toc-asia-2025\/\" >\n\t\t\t\tPACECO GROUP will be present at TOC ASIA 2025\t\t\t<\/a>\n\t\t<\/h3>\n\t\t\t\t<div class=\"elementor-post__excerpt\">\n\t\t\t<p>From 25-26 November 2025, the PACECO Group (MITSUI E&amp;S, PACECO Corp., PACECO MOMENTUM &amp; PACECO POSEIDON) will be represented at stand J12 at the TOC ASIA 2025 exhibition at Marina<\/p>\n\t\t<\/div>\n\t\t\t\t\t<div class=\"elementor-post__read-more-wrapper\">\n\t\t\n\t\t<a class=\"elementor-post__read-more\" href=\"https:\/\/paceco-momentum.com\/en\/paceco-group-will-be-present-at-toc-asia-2025\/\" aria-label=\"Read more about PACECO GROUP will be present at TOC ASIA 2025\" tabindex=\"-1\" >\n\t\t\t+\t\t<\/a>\n\n\t\t\t\t\t<\/div>\n\t\t\t\t<\/div>\n\t\t\t\t\t<\/div>\n\t\t<\/article>\n\t\t\t\t<article class=\"elementor-post elementor-grid-item post-3744 post type-post status-publish format-standard has-post-thumbnail hentry category-news tag-news\" role=\"listitem\">\n\t\t\t<div class=\"elementor-post__card\">\n\t\t\t\t<a class=\"elementor-post__thumbnail__link\" href=\"https:\/\/paceco-momentum.com\/en\/paceco-group-at-toc-americas-panama-21-23-october-2025\/\" tabindex=\"-1\" ><div class=\"elementor-post__thumbnail\"><img decoding=\"async\" width=\"768\" height=\"432\" data-src=\"https:\/\/paceco-momentum.com\/wp-content\/uploads\/2025\/10\/TOC-AMERICAS-2025-768x432.png\" class=\"attachment-medium_large size-medium_large wp-image-3742 lazyload\" alt=\"\" data-srcset=\"https:\/\/paceco-momentum.com\/wp-content\/uploads\/2025\/10\/TOC-AMERICAS-2025-768x432.png 768w, https:\/\/paceco-momentum.com\/wp-content\/uploads\/2025\/10\/TOC-AMERICAS-2025-300x169.png 300w, https:\/\/paceco-momentum.com\/wp-content\/uploads\/2025\/10\/TOC-AMERICAS-2025-1024x576.png 1024w, https:\/\/paceco-momentum.com\/wp-content\/uploads\/2025\/10\/TOC-AMERICAS-2025.png 1280w\" data-sizes=\"auto\" src=\"data:image\/svg+xml;base64,PHN2ZyB3aWR0aD0iMSIgaGVpZ2h0PSIxIiB4bWxucz0iaHR0cDovL3d3dy53My5vcmcvMjAwMC9zdmciPjwvc3ZnPg==\" style=\"--smush-placeholder-width: 768px; --smush-placeholder-aspect-ratio: 768\/432;\" data-original-sizes=\"(max-width: 768px) 100vw, 768px\" \/><\/div><\/a>\n\t\t\t\t<div class=\"elementor-post__text\">\n\t\t\t\t<h3 class=\"elementor-post__title\">\n\t\t\t<a href=\"https:\/\/paceco-momentum.com\/en\/paceco-group-at-toc-americas-panama-21-23-october-2025\/\" >\n\t\t\t\tPACECO GROUP at TOC AMERICAS, Panama, 21\u201323 October 2025\t\t\t<\/a>\n\t\t<\/h3>\n\t\t\t\t<div class=\"elementor-post__excerpt\">\n\t\t\t<p>TOC AMERICAS serves once again as the optimal stage to present all our news, products (STS Portainer\u00ae, RTG\/RMG Transtainer\u00ae, Advanced Port Technologies: TOS POSEIDON,\u00a0 Port Equipment &amp; Advanced Technologies Training<\/p>\n\t\t<\/div>\n\t\t\t\t\t<div class=\"elementor-post__read-more-wrapper\">\n\t\t\n\t\t<a class=\"elementor-post__read-more\" href=\"https:\/\/paceco-momentum.com\/en\/paceco-group-at-toc-americas-panama-21-23-october-2025\/\" aria-label=\"Read more about PACECO GROUP at TOC AMERICAS, Panama, 21\u201323 October 2025\" tabindex=\"-1\" >\n\t\t\t+\t\t<\/a>\n\n\t\t\t\t\t<\/div>\n\t\t\t\t<\/div>\n\t\t\t\t\t<\/div>\n\t\t<\/article>\n\t\t\t\t<article class=\"elementor-post elementor-grid-item post-3691 post type-post status-publish format-standard has-post-thumbnail hentry category-news tag-news\" role=\"listitem\">\n\t\t\t<div class=\"elementor-post__card\">\n\t\t\t\t<a class=\"elementor-post__thumbnail__link\" href=\"https:\/\/paceco-momentum.com\/en\/paceco-group-two-sts-cranes-for-tti-long-beach-usa\/\" tabindex=\"-1\" ><div class=\"elementor-post__thumbnail\"><img decoding=\"async\" width=\"768\" height=\"432\" data-src=\"https:\/\/paceco-momentum.com\/wp-content\/uploads\/2025\/09\/all-in-one-solutions-768x432.jpg\" class=\"attachment-medium_large size-medium_large wp-image-3681 lazyload\" alt=\"https:\/\/pacecocorp.com\/paceco-and-mitsui-es-secure-tti-order-for-ship-to-shore-cranes\/\" data-srcset=\"https:\/\/paceco-momentum.com\/wp-content\/uploads\/2025\/09\/all-in-one-solutions-768x432.jpg 768w, https:\/\/paceco-momentum.com\/wp-content\/uploads\/2025\/09\/all-in-one-solutions-300x169.jpg 300w, https:\/\/paceco-momentum.com\/wp-content\/uploads\/2025\/09\/all-in-one-solutions.jpg 960w\" data-sizes=\"auto\" src=\"data:image\/svg+xml;base64,PHN2ZyB3aWR0aD0iMSIgaGVpZ2h0PSIxIiB4bWxucz0iaHR0cDovL3d3dy53My5vcmcvMjAwMC9zdmciPjwvc3ZnPg==\" style=\"--smush-placeholder-width: 768px; --smush-placeholder-aspect-ratio: 768\/432;\" data-original-sizes=\"(max-width: 768px) 100vw, 768px\" \/><\/div><\/a>\n\t\t\t\t<div class=\"elementor-post__text\">\n\t\t\t\t<h3 class=\"elementor-post__title\">\n\t\t\t<a href=\"https:\/\/paceco-momentum.com\/en\/paceco-group-two-sts-cranes-for-tti-long-beach-usa\/\" >\n\t\t\t\tPACECO GROUP: two STS cranes for TTI Long Beach (USA)\t\t\t<\/a>\n\t\t<\/h3>\n\t\t\t\t<div class=\"elementor-post__excerpt\">\n\t\t\t<p>Long Beach, CA \u2013 September 17, 2025\u00a0\u2013 PACECO\u00ae Corp., a global leader in container handling equipment, together with MITSUI E&amp;S, today announced a major contract to supply\u00a0two new\u00a0ship-to-shore (STS) cranes\u00a0to\u00a0Total<\/p>\n\t\t<\/div>\n\t\t\t\t\t<div class=\"elementor-post__read-more-wrapper\">\n\t\t\n\t\t<a class=\"elementor-post__read-more\" href=\"https:\/\/paceco-momentum.com\/en\/paceco-group-two-sts-cranes-for-tti-long-beach-usa\/\" aria-label=\"Read more about PACECO GROUP: two STS cranes for TTI Long Beach (USA)\" tabindex=\"-1\" >\n\t\t\t+\t\t<\/a>\n\n\t\t\t\t\t<\/div>\n\t\t\t\t<\/div>\n\t\t\t\t\t<\/div>\n\t\t<\/article>\n\t\t\t\t<article class=\"elementor-post elementor-grid-item post-3624 post type-post status-publish format-standard has-post-thumbnail hentry category-news tag-news\" role=\"listitem\">\n\t\t\t<div class=\"elementor-post__card\">\n\t\t\t\t<a class=\"elementor-post__thumbnail__link\" href=\"https:\/\/paceco-momentum.com\/en\/another-fruitful-toc-europe-2025-for-paceco-group\/\" tabindex=\"-1\" ><div class=\"elementor-post__thumbnail\"><img decoding=\"async\" width=\"768\" height=\"576\" data-src=\"https:\/\/paceco-momentum.com\/wp-content\/uploads\/2025\/07\/IMG20250617165659-3-768x576.jpg\" class=\"attachment-medium_large size-medium_large wp-image-3637 lazyload\" alt=\"PACECO GROUP TOC EUROPE 2025\" data-srcset=\"https:\/\/paceco-momentum.com\/wp-content\/uploads\/2025\/07\/IMG20250617165659-3-768x576.jpg 768w, https:\/\/paceco-momentum.com\/wp-content\/uploads\/2025\/07\/IMG20250617165659-3-300x225.jpg 300w, https:\/\/paceco-momentum.com\/wp-content\/uploads\/2025\/07\/IMG20250617165659-3-1024x768.jpg 1024w, https:\/\/paceco-momentum.com\/wp-content\/uploads\/2025\/07\/IMG20250617165659-3-1536x1152.jpg 1536w, https:\/\/paceco-momentum.com\/wp-content\/uploads\/2025\/07\/IMG20250617165659-3-scaled.jpg 2048w\" data-sizes=\"auto\" src=\"data:image\/svg+xml;base64,PHN2ZyB3aWR0aD0iMSIgaGVpZ2h0PSIxIiB4bWxucz0iaHR0cDovL3d3dy53My5vcmcvMjAwMC9zdmciPjwvc3ZnPg==\" style=\"--smush-placeholder-width: 768px; --smush-placeholder-aspect-ratio: 768\/576;\" data-original-sizes=\"(max-width: 768px) 100vw, 768px\" \/><\/div><\/a>\n\t\t\t\t<div class=\"elementor-post__text\">\n\t\t\t\t<h3 class=\"elementor-post__title\">\n\t\t\t<a href=\"https:\/\/paceco-momentum.com\/en\/another-fruitful-toc-europe-2025-for-paceco-group\/\" >\n\t\t\t\tAnother fruitful TOC EUROPE 2025 for PACECO GROUP\t\t\t<\/a>\n\t\t<\/h3>\n\t\t\t\t<div class=\"elementor-post__excerpt\">\n\t\t\t<p>Last June, PACECO GROUP (PACECO Corp., MITSUI E&amp;S, PACECO MOMENTUM and PACECO POSEIDON) met again at TOC EUROPE 2025 in Rotterdam (Netherlands) to continue providing the container terminal sector with<\/p>\n\t\t<\/div>\n\t\t\t\t\t<div class=\"elementor-post__read-more-wrapper\">\n\t\t\n\t\t<a class=\"elementor-post__read-more\" href=\"https:\/\/paceco-momentum.com\/en\/another-fruitful-toc-europe-2025-for-paceco-group\/\" aria-label=\"Read more about Another fruitful TOC EUROPE 2025 for PACECO GROUP\" tabindex=\"-1\" >\n\t\t\t+\t\t<\/a>\n\n\t\t\t\t\t<\/div>\n\t\t\t\t<\/div>\n\t\t\t\t\t<\/div>\n\t\t<\/article>\n\t\t\t\t<article class=\"elementor-post elementor-grid-item post-3670 post type-post status-publish format-standard has-post-thumbnail hentry category-news tag-news\" role=\"listitem\">\n\t\t\t<div class=\"elementor-post__card\">\n\t\t\t\t<a class=\"elementor-post__thumbnail__link\" href=\"https:\/\/paceco-momentum.com\/en\/paceco-group-at-pmcm-miami\/\" tabindex=\"-1\" ><div class=\"elementor-post__thumbnail\"><img decoding=\"async\" width=\"768\" height=\"512\" data-src=\"https:\/\/paceco-momentum.com\/wp-content\/uploads\/2025\/07\/PMCM-1-768x512.jpg\" class=\"attachment-medium_large size-medium_large wp-image-3657 lazyload\" alt=\"\" data-srcset=\"https:\/\/paceco-momentum.com\/wp-content\/uploads\/2025\/07\/PMCM-1-768x512.jpg 768w, https:\/\/paceco-momentum.com\/wp-content\/uploads\/2025\/07\/PMCM-1-300x200.jpg 300w, https:\/\/paceco-momentum.com\/wp-content\/uploads\/2025\/07\/PMCM-1-1024x683.jpg 1024w, https:\/\/paceco-momentum.com\/wp-content\/uploads\/2025\/07\/PMCM-1-1536x1024.jpg 1536w, https:\/\/paceco-momentum.com\/wp-content\/uploads\/2025\/07\/PMCM-1-scaled.jpg 2048w\" data-sizes=\"auto\" src=\"data:image\/svg+xml;base64,PHN2ZyB3aWR0aD0iMSIgaGVpZ2h0PSIxIiB4bWxucz0iaHR0cDovL3d3dy53My5vcmcvMjAwMC9zdmciPjwvc3ZnPg==\" style=\"--smush-placeholder-width: 768px; --smush-placeholder-aspect-ratio: 768\/512;\" data-original-sizes=\"(max-width: 768px) 100vw, 768px\" \/><\/div><\/a>\n\t\t\t\t<div class=\"elementor-post__text\">\n\t\t\t\t<h3 class=\"elementor-post__title\">\n\t\t\t<a href=\"https:\/\/paceco-momentum.com\/en\/paceco-group-at-pmcm-miami\/\" >\n\t\t\t\tPACECO GROUP at PMCM Miami\t\t\t<\/a>\n\t\t<\/h3>\n\t\t\t\t<div class=\"elementor-post__excerpt\">\n\t\t\t<p>PACECO GROUP has been awarded by PMCM (Port of Miami Crane Management) the project for the specific OEM renovation and repair of the STS 4-6 and STS 11-12 cranes. PACECO<\/p>\n\t\t<\/div>\n\t\t\t\t\t<div class=\"elementor-post__read-more-wrapper\">\n\t\t\n\t\t<a class=\"elementor-post__read-more\" href=\"https:\/\/paceco-momentum.com\/en\/paceco-group-at-pmcm-miami\/\" aria-label=\"Read more about PACECO GROUP at PMCM Miami\" tabindex=\"-1\" >\n\t\t\t+\t\t<\/a>\n\n\t\t\t\t\t<\/div>\n\t\t\t\t<\/div>\n\t\t\t\t\t<\/div>\n\t\t<\/article>\n\t\t\t\t<article class=\"elementor-post elementor-grid-item post-3539 post type-post status-publish format-standard has-post-thumbnail hentry category-news tag-innovation tag-news\" role=\"listitem\">\n\t\t\t<div class=\"elementor-post__card\">\n\t\t\t\t<a class=\"elementor-post__thumbnail__link\" href=\"https:\/\/paceco-momentum.com\/en\/paceco-and-mitsui-es-debut-worlds-first-hydrogen-fuel-cell-rtg-crane-at-port-of-los-angeles\/\" tabindex=\"-1\" ><div class=\"elementor-post__thumbnail\"><img decoding=\"async\" width=\"768\" height=\"512\" data-src=\"https:\/\/paceco-momentum.com\/wp-content\/uploads\/2024\/05\/2a592cf4-2fba-434b-b729-41704ec3bd68-768x512.jpg\" class=\"attachment-medium_large size-medium_large wp-image-3540 lazyload\" alt=\"\" data-srcset=\"https:\/\/paceco-momentum.com\/wp-content\/uploads\/2024\/05\/2a592cf4-2fba-434b-b729-41704ec3bd68-768x512.jpg 768w, https:\/\/paceco-momentum.com\/wp-content\/uploads\/2024\/05\/2a592cf4-2fba-434b-b729-41704ec3bd68-300x200.jpg 300w, https:\/\/paceco-momentum.com\/wp-content\/uploads\/2024\/05\/2a592cf4-2fba-434b-b729-41704ec3bd68-1024x682.jpg 1024w, https:\/\/paceco-momentum.com\/wp-content\/uploads\/2024\/05\/2a592cf4-2fba-434b-b729-41704ec3bd68.jpg 1306w\" data-sizes=\"auto\" src=\"data:image\/svg+xml;base64,PHN2ZyB3aWR0aD0iMSIgaGVpZ2h0PSIxIiB4bWxucz0iaHR0cDovL3d3dy53My5vcmcvMjAwMC9zdmciPjwvc3ZnPg==\" style=\"--smush-placeholder-width: 768px; --smush-placeholder-aspect-ratio: 768\/512;\" data-original-sizes=\"(max-width: 768px) 100vw, 768px\" \/><\/div><\/a>\n\t\t\t\t<div class=\"elementor-post__text\">\n\t\t\t\t<h3 class=\"elementor-post__title\">\n\t\t\t<a href=\"https:\/\/paceco-momentum.com\/en\/paceco-and-mitsui-es-debut-worlds-first-hydrogen-fuel-cell-rtg-crane-at-port-of-los-angeles\/\" >\n\t\t\t\tPACECO and MITSUI E&#038;S Debut World\u2019s First Hydrogen Fuel Cell\t\t\t<\/a>\n\t\t<\/h3>\n\t\t\t\t<div class=\"elementor-post__excerpt\">\n\t\t\t<p>The Leading Container Handling Supplier is Piloting the First Ever Hydrogen Fuel Cell Powered Rubber Tired Gantry Crane at Yusen Terminals. Los Angeles, CA, May 15, 2024\u00a0\u2013 PACECO Corp., a<\/p>\n\t\t<\/div>\n\t\t\t\t\t<div class=\"elementor-post__read-more-wrapper\">\n\t\t\n\t\t<a class=\"elementor-post__read-more\" href=\"https:\/\/paceco-momentum.com\/en\/paceco-and-mitsui-es-debut-worlds-first-hydrogen-fuel-cell-rtg-crane-at-port-of-los-angeles\/\" aria-label=\"Read more about PACECO and MITSUI E&#038;S Debut World\u2019s First Hydrogen Fuel Cell\" tabindex=\"-1\" >\n\t\t\t+\t\t<\/a>\n\n\t\t\t\t\t<\/div>\n\t\t\t\t<\/div>\n\t\t\t\t\t<\/div>\n\t\t<\/article>\n\t\t\t\t<\/div>\n\t\t\n\t\t\t\t<div class=\"e-load-more-anchor\" data-page=\"1\" data-max-page=\"5\" data-next-page=\"https:\/\/paceco-momentum.com\/en\/wp-json\/wp\/v2\/pages\/3711\/page\/2\/\"><\/div>\n\t\t\t\t<nav class=\"elementor-pagination\" aria-label=\"Pagination\">\n\t\t\t<span class=\"page-numbers prev\">&laquo; Previous<\/span>\n<a class=\"page-numbers next\" href=\"https:\/\/paceco-momentum.com\/en\/wp-json\/wp\/v2\/pages\/3711\/page\/2\/\">Next &raquo;<\/a>\t\t<\/nav>\n\t\t\t\t\t\t<\/div>\n\t\t\t\t<\/div>\n\t\t\t\t\t<\/div>\n\t\t\t\t<\/div>\n\t\t\t\t<\/div>\n\t\t","protected":false},"excerpt":{"rendered":"<p>News<\/p>\n","protected":false},"author":1,"featured_media":0,"parent":0,"menu_order":0,"comment_status":"closed","ping_status":"closed","template":"","meta":{"_acf_changed":false,"inline_featured_image":false,"footnotes":""},"class_list":["post-3711","page","type-page","status-publish","hentry"],"acf":[],"yoast_head":"<!-- This site is optimized with the Yoast SEO plugin v27.3 - https:\/\/yoast.com\/product\/yoast-seo-wordpress\/ -->\n<title>News - Paceco<\/title>\n<meta name=\"description\" content=\"News concerning PACECO MOMENTUM &amp; PACECO POSEIDON and the container handling industry\" \/>\n<meta name=\"robots\" content=\"index, follow, max-snippet:-1, max-image-preview:large, max-video-preview:-1\" \/>\n<link rel=\"canonical\" href=\"https:\/\/paceco-momentum.com\/en\/news\/\" \/>\n<meta property=\"og:locale\" content=\"en_US\" \/>\n<meta property=\"og:type\" content=\"article\" \/>\n<meta property=\"og:title\" content=\"News - Paceco\" \/>\n<meta property=\"og:description\" content=\"News concerning PACECO MOMENTUM &amp; PACECO POSEIDON and the container handling industry\" \/>\n<meta property=\"og:url\" content=\"https:\/\/paceco-momentum.com\/en\/news\/\" \/>\n<meta property=\"og:site_name\" content=\"Paceco\" \/>\n<meta property=\"article:modified_time\" content=\"2025-09-30T15:51:16+00:00\" \/>\n<meta name=\"twitter:card\" content=\"summary_large_image\" \/>\n<meta name=\"twitter:label1\" content=\"Est. reading time\" \/>\n\t<meta name=\"twitter:data1\" content=\"3 minutes\" \/>\n<script type=\"application\/ld+json\" class=\"yoast-schema-graph\">{\"@context\":\"https:\\\/\\\/schema.org\",\"@graph\":[{\"@type\":\"WebPage\",\"@id\":\"https:\\\/\\\/paceco-momentum.com\\\/en\\\/news\\\/\",\"url\":\"https:\\\/\\\/paceco-momentum.com\\\/en\\\/news\\\/\",\"name\":\"News - Paceco\",\"isPartOf\":{\"@id\":\"https:\\\/\\\/ronin4s.tech\\\/paceco\\\/#website\"},\"datePublished\":\"2024-04-24T15:31:44+00:00\",\"dateModified\":\"2025-09-30T15:51:16+00:00\",\"description\":\"News concerning PACECO MOMENTUM & PACECO POSEIDON and the container handling industry\",\"breadcrumb\":{\"@id\":\"https:\\\/\\\/paceco-momentum.com\\\/en\\\/news\\\/#breadcrumb\"},\"inLanguage\":\"en-US\",\"potentialAction\":[{\"@type\":\"ReadAction\",\"target\":[\"https:\\\/\\\/paceco-momentum.com\\\/en\\\/news\\\/\"]}]},{\"@type\":\"BreadcrumbList\",\"@id\":\"https:\\\/\\\/paceco-momentum.com\\\/en\\\/news\\\/#breadcrumb\",\"itemListElement\":[{\"@type\":\"ListItem\",\"position\":1,\"name\":\"Portada\",\"item\":\"https:\\\/\\\/paceco-momentum.com\\\/en\\\/\"},{\"@type\":\"ListItem\",\"position\":2,\"name\":\"News\"}]},{\"@type\":\"WebSite\",\"@id\":\"https:\\\/\\\/ronin4s.tech\\\/paceco\\\/#website\",\"url\":\"https:\\\/\\\/ronin4s.tech\\\/paceco\\\/\",\"name\":\"Paceco\",\"description\":\"Gr\u00faas, servicios y tecnolog\u00edas para terminales de contenedores y multiprop\u00f3sito - Paceco Momentum\",\"publisher\":{\"@id\":\"https:\\\/\\\/ronin4s.tech\\\/paceco\\\/#organization\"},\"potentialAction\":[{\"@type\":\"SearchAction\",\"target\":{\"@type\":\"EntryPoint\",\"urlTemplate\":\"https:\\\/\\\/ronin4s.tech\\\/paceco\\\/?s={search_term_string}\"},\"query-input\":{\"@type\":\"PropertyValueSpecification\",\"valueRequired\":true,\"valueName\":\"search_term_string\"}}],\"inLanguage\":\"en-US\"},{\"@type\":\"Organization\",\"@id\":\"https:\\\/\\\/ronin4s.tech\\\/paceco\\\/#organization\",\"name\":\"Paceco\",\"url\":\"https:\\\/\\\/ronin4s.tech\\\/paceco\\\/\",\"logo\":{\"@type\":\"ImageObject\",\"inLanguage\":\"en-US\",\"@id\":\"https:\\\/\\\/ronin4s.tech\\\/paceco\\\/#\\\/schema\\\/logo\\\/image\\\/\",\"url\":\"https:\\\/\\\/paceco-momentum.com\\\/wp-content\\\/uploads\\\/2023\\\/09\\\/momentum-logo.png\",\"contentUrl\":\"https:\\\/\\\/paceco-momentum.com\\\/wp-content\\\/uploads\\\/2023\\\/09\\\/momentum-logo.png\",\"width\":600,\"height\":119,\"caption\":\"Paceco\"},\"image\":{\"@id\":\"https:\\\/\\\/ronin4s.tech\\\/paceco\\\/#\\\/schema\\\/logo\\\/image\\\/\"}}]}<\/script>\n<!-- \/ Yoast SEO plugin. -->","yoast_head_json":{"title":"News - Paceco","description":"News concerning PACECO MOMENTUM & PACECO POSEIDON and the container handling industry","robots":{"index":"index","follow":"follow","max-snippet":"max-snippet:-1","max-image-preview":"max-image-preview:large","max-video-preview":"max-video-preview:-1"},"canonical":"https:\/\/paceco-momentum.com\/en\/news\/","og_locale":"en_US","og_type":"article","og_title":"News - Paceco","og_description":"News concerning PACECO MOMENTUM & PACECO POSEIDON and the container handling industry","og_url":"https:\/\/paceco-momentum.com\/en\/news\/","og_site_name":"Paceco","article_modified_time":"2025-09-30T15:51:16+00:00","twitter_card":"summary_large_image","twitter_misc":{"Est. reading time":"3 minutes"},"schema":{"@context":"https:\/\/schema.org","@graph":[{"@type":"WebPage","@id":"https:\/\/paceco-momentum.com\/en\/news\/","url":"https:\/\/paceco-momentum.com\/en\/news\/","name":"News - Paceco","isPartOf":{"@id":"https:\/\/ronin4s.tech\/paceco\/#website"},"datePublished":"2024-04-24T15:31:44+00:00","dateModified":"2025-09-30T15:51:16+00:00","description":"News concerning PACECO MOMENTUM & PACECO POSEIDON and the container handling industry","breadcrumb":{"@id":"https:\/\/paceco-momentum.com\/en\/news\/#breadcrumb"},"inLanguage":"en-US","potentialAction":[{"@type":"ReadAction","target":["https:\/\/paceco-momentum.com\/en\/news\/"]}]},{"@type":"BreadcrumbList","@id":"https:\/\/paceco-momentum.com\/en\/news\/#breadcrumb","itemListElement":[{"@type":"ListItem","position":1,"name":"Portada","item":"https:\/\/paceco-momentum.com\/en\/"},{"@type":"ListItem","position":2,"name":"News"}]},{"@type":"WebSite","@id":"https:\/\/ronin4s.tech\/paceco\/#website","url":"https:\/\/ronin4s.tech\/paceco\/","name":"Paceco","description":"Gr\u00faas, servicios y tecnolog\u00edas para terminales de contenedores y multiprop\u00f3sito - Paceco Momentum","publisher":{"@id":"https:\/\/ronin4s.tech\/paceco\/#organization"},"potentialAction":[{"@type":"SearchAction","target":{"@type":"EntryPoint","urlTemplate":"https:\/\/ronin4s.tech\/paceco\/?s={search_term_string}"},"query-input":{"@type":"PropertyValueSpecification","valueRequired":true,"valueName":"search_term_string"}}],"inLanguage":"en-US"},{"@type":"Organization","@id":"https:\/\/ronin4s.tech\/paceco\/#organization","name":"Paceco","url":"https:\/\/ronin4s.tech\/paceco\/","logo":{"@type":"ImageObject","inLanguage":"en-US","@id":"https:\/\/ronin4s.tech\/paceco\/#\/schema\/logo\/image\/","url":"https:\/\/paceco-momentum.com\/wp-content\/uploads\/2023\/09\/momentum-logo.png","contentUrl":"https:\/\/paceco-momentum.com\/wp-content\/uploads\/2023\/09\/momentum-logo.png","width":600,"height":119,"caption":"Paceco"},"image":{"@id":"https:\/\/ronin4s.tech\/paceco\/#\/schema\/logo\/image\/"}}]}},"_links":{"self":[{"href":"https:\/\/paceco-momentum.com\/en\/wp-json\/wp\/v2\/pages\/3711","targetHints":{"allow":["GET"]}}],"collection":[{"href":"https:\/\/paceco-momentum.com\/en\/wp-json\/wp\/v2\/pages"}],"about":[{"href":"https:\/\/paceco-momentum.com\/en\/wp-json\/wp\/v2\/types\/page"}],"author":[{"embeddable":true,"href":"https:\/\/paceco-momentum.com\/en\/wp-json\/wp\/v2\/users\/1"}],"replies":[{"embeddable":true,"href":"https:\/\/paceco-momentum.com\/en\/wp-json\/wp\/v2\/comments?post=3711"}],"version-history":[{"count":0,"href":"https:\/\/paceco-momentum.com\/en\/wp-json\/wp\/v2\/pages\/3711\/revisions"}],"wp:attachment":[{"href":"https:\/\/paceco-momentum.com\/en\/wp-json\/wp\/v2\/media?parent=3711"}],"curies":[{"name":"wp","href":"https:\/\/api.w.org\/{rel}","templated":true}]}}