{"id":2416,"date":"2023-08-01T19:11:34","date_gmt":"2023-08-01T19:11:34","guid":{"rendered":"https:\/\/paceco-momentum.com\/aviso-legal\/"},"modified":"2024-02-20T15:51:03","modified_gmt":"2024-02-20T15:51:03","slug":"legal-notice-paceco-momentum","status":"publish","type":"page","link":"https:\/\/paceco-momentum.com\/en\/legal-notice-paceco-momentum\/","title":{"rendered":"Legal Notice"},"content":{"rendered":"\t\t<div data-elementor-type=\"wp-page\" data-elementor-id=\"2416\" class=\"elementor elementor-2416 elementor-2404\" data-elementor-post-type=\"page\">\n\t\t\t\t<div class=\"elementor-element elementor-element-6996add e-flex e-con-boxed e-con e-parent\" data-id=\"6996add\" data-element_type=\"container\" data-e-type=\"container\">\n\t\t\t\t\t<div class=\"e-con-inner\">\n\t\t\t\t<div class=\"elementor-element elementor-element-c8706c4 elementor-widget elementor-widget-heading\" data-id=\"c8706c4\" data-element_type=\"widget\" data-e-type=\"widget\" data-widget_type=\"heading.default\">\n\t\t\t\t<div class=\"elementor-widget-container\">\n\t\t\t\t\t<h2 class=\"elementor-heading-title elementor-size-default\">Legal Notice (Terms of Use) <\/h2>\t\t\t\t<\/div>\n\t\t\t\t<\/div>\n\t\t\t\t<div class=\"elementor-element elementor-element-fff2f9f elementor-widget elementor-widget-text-editor\" data-id=\"fff2f9f\" data-element_type=\"widget\" data-e-type=\"widget\" data-widget_type=\"text-editor.default\">\n\t\t\t\t<div class=\"elementor-widget-container\">\n\t\t\t\t\t\t\t\t\t<p><span style=\"font-weight: 400\">In compliance with Law 34\/2002, of 11 July, on information society services and electronic commerce (LSSI), we inform you that:&nbsp;<\/span><\/p>\n<p><b>MOMENTUM ADVANCED PORT SERVICES, S.L.<\/b><span style=\"font-weight: 400\"> is a public limited company. Its VAT number is B88055249 and its registered office is at calle Alcal\u00e1, 79, 1\u00baB, 28009 Madrid. It is registered in the Mercantile Register of Madrid in volume 37.389, folio 117, page M-666602 of the Companies Book.<\/span><\/p>\n<p><span style=\"font-weight: 400\">By accessing the <\/span><span style=\"font-weight: 700;color: var( --e-global-color-text );font-family: var( --e-global-typography-text-font-family ), Sans-serif;font-size: 1rem\">PACECO MOMENTUM<\/span><span style=\"color: var( --e-global-color-text );font-family: var( --e-global-typography-text-font-family ), Sans-serif;font-size: 1rem\">&nbsp;Internet pages at <\/span><span style=\"color: var( --e-global-color-text );font-family: var( --e-global-typography-text-font-family ), Sans-serif;font-size: 1rem\">www.paceco-momentum.com\/<\/span><span style=\"color: var( --e-global-color-text );font-family: var( --e-global-typography-text-font-family ), Sans-serif;font-size: 1rem\"> or any of its sub-sites, you agree to the following terms and conditions. You must not access this Site unless you agree to all of the following terms and conditions.<\/span><\/p>\n<p><span style=\"font-weight: 400\"><br><\/span><span style=\"font-weight: 400\">Contact details:<\/span><\/p><p><a href=\"mailto:info@paceco-momentum.com\" style=\"font-size: 1rem;text-align: start\">info@paceco-momentum.com<\/a><span style=\"font-weight: 400\"><br><\/span><\/p>\n<h3><strong>General terms and conditions of use of the PACECO MOMENTUM sites&nbsp;<\/strong><\/h3>\n<p><span style=\"font-weight: 400\">The domain name <\/span><span style=\"font-weight: 400\">paceco-momentum.com<\/span><span style=\"font-weight: 400\">, is owned by <b>MOMENTUM ADVANCED PORT SERVICES, S.L.<\/b> and its exclusive use is reserved to it.<\/span><\/p>\n<p><span style=\"font-weight: 400\">The official site of <b>MOMENTUM ADVANCED PORT SERVICES, S.L.<\/b> is <\/span><span style=\"font-weight: 400\">www.paceco-momentum.com\/<\/span><span style=\"font-weight: 400\"> and, both this and the rest of the sites under the aforementioned domains, are intended to provide the general public with information on the activities carried out by this company and the products it markets and services it provides.<\/span><\/p>\n<p><span style=\"font-weight: 400\">The use of this website implies the express and full acceptance of the conditions set out herein, without prejudice to any particular conditions that may apply to some of the specific services offered through the website.<\/span><\/p>\n<p><span style=\"font-weight: 400\"><b>MOMENTUM ADVANCED PORT SERVICES, S.L.<\/b> reserves the right to carry out, at any time and without prior notice, modifications and updates of the information contained in its website or in its configuration and presentation.<\/span><\/p>\n<p><span style=\"font-weight: 400\">In order to keep the information published on the sites up to date, the contents of the same may be modified, corrected, eliminated or added at any time with or without prior notice, and it is therefore advisable to check the validity or accuracy of the same by consulting official sources. <b>MOMENTUM ADVANCED PORT SERVICES, S.L.<\/b> shall not be obliged to inform users of the updating of the information and shall not be liable for any loss or damage caused by your reliance on any data or services contained in this Site or data entered by the user in this Site.<\/span><\/p>\n<h3><strong>Intellectual property, industrial property and frames<\/strong><\/h3>\n<p><span style=\"font-weight: 400\">All the elements that make up the website, as well as its structure, design, source code, logos, brands and other distinctive signs that appear on it, are the property of <b>MOMENTUM ADVANCED PORT SERVICES, S.L.<\/b> or its collaborators, or its use is allowed under license,<\/span><span style=\"color: var( --e-global-color-text );font-family: var( --e-global-typography-text-font-family ), Sans-serif;font-size: 1rem\">&nbsp;and are protected by the corresponding intellectual and industrial property rights.<\/span><\/p>\n<p><span style=\"font-weight: 400\">The images and other graphic elements contained in the portals are also protected by the corresponding intellectual and industrial property rights.<\/span><\/p>\n<p><span style=\"font-weight: 400\"><b>MOMENTUM ADVANCED PORT SERVICES, S.L.<\/b> expressly prohibits framing or the use by third parties of any other mechanisms that alter the design, original configuration or contents of our sites.<\/span><\/p>\n<p><span style=\"font-weight: 400\">The use of the contents must respect its particular licensing. Therefore, its use, reproduction, distribution, public communication, transformation or any other similar or analogous activity is strictly forbidden without the prior and express authorisation of <b>MOMENTUM ADVANCED PORT SERVICES, S.L.<\/b><\/span><\/p>\n<p><span style=\"font-weight: 400\"><b>MOMENTUM ADVANCED PORT SERVICES, S.L.<\/b> authorises the total or partial reproduction of the texts and contents provided by the portal, provided that each and every one of the following conditions are met:<\/span><\/p>\n<ol>\n<li style=\"font-weight: 400\"><span style=\"font-weight: 400\">The integrity of the contents, documents or graphics is maintained.<\/span><\/li>\n<li style=\"font-weight: 400\"><span style=\"font-weight: 400\"><b>MOMENTUM ADVANCED PORT SERVICES, S.L.<\/b> is expressly cited as the source and origin of the data.<\/span><\/li>\n<li style=\"font-weight: 400\"><span style=\"font-weight: 400\">The purpose and aim of such use is compatible with the purposes of the website and\/or the activity of <b>MOMENTUM ADVANCED PORT SERVICES, S.L.<\/b><\/span><\/li>\n<li style=\"font-weight: 400\"><span style=\"font-weight: 400\">It is not intended for commercial use, and its distribution, public communication, transformation or decompilation is expressly prohibited.<\/span><\/li>\n<\/ol>\n<p><span style=\"font-weight: 400\">Any other use must be previously and expressly communicated and authorised by <b>MOMENTUM ADVANCED PORT SERVICES, S.L.<\/b><\/span><\/p>\n<p><span style=\"font-weight: 400\"><b>MOMENTUM ADVANCED PORT SERVICES, S.L.<\/b> recognises the industrial and intellectual property rights of third parties with regard to the products and services cited, and the mere mention or appearance on the website does not imply the existence of rights or any responsibility whatsoever for them, nor does it imply any endorsement, sponsorship or recommendation.<\/span><\/p>\n<p><span style=\"font-weight: 400\"><b>MOMENTUM ADVANCED PORT SERVICES, S.L.<\/b> declares its respect for the intellectual and industrial property rights of third parties; therefore, if you consider that our portals could be violating your rights, please contact <b>MOMENTUM ADVANCED PORT SERVICES, S.L.<\/b><\/span><\/p>\n<h3><strong>Liability<\/strong><\/h3>\n<p><span style=\"font-weight: 400\"><b>MOMENTUM ADVANCED PORT SERVICES, S.L.<\/b> does not guarantee the non-existence of errors in the access to the Web, in its content, nor that it is up to date, although <b>MOMENTUM ADVANCED PORT SERVICES, S.L.<\/b> will make its best efforts to avoid, correct or update them.<\/span><\/p>\n<p><span style=\"font-weight: 400\">Both, access to the portals of <b>MOMENTUM ADVANCED PORT SERVICES, S.L.<\/b> and the use that may be made of the information contained therein is the exclusive responsibility of the user.<\/span><\/p>\n<p><span style=\"font-weight: 400\"><b>MOMENTUM ADVANCED PORT SERVICES, S.L.<\/b> accepts no responsibility for any possible security errors that may occur or for any possible damage that may be caused to the User&#8217;s computer system (hardware and software), files or documents stored therein, as a result of the presence of a virus in the User&#8217;s computer used to connect to the services and contents of the Website, the malfunctioning of the browser or the use of non-updated versions of the same.<\/span><\/p>\n<p><span style=\"font-weight: 400\"><b>MOMENTUM ADVANCED PORT SERVICES, S.L.<\/b> is not responsible for the information and content stored, including but not limited to, in forums, chats, blogs, comments, social networks or any other medium that allows third parties to publish content independently on the <b>MOMENTUM ADVANCED PORT SERVICES, S.L.<\/b> website.<\/span><\/p>\n<p><span style=\"font-weight: 400\">However, and in compliance with the provisions of the LSSI, <b>MOMENTUM ADVANCED PORT SERVICES, S.L.<\/b> is at the disposal of all users, authorities and security forces, and actively collaborates in the removal or blocking of all content that could affect or contravene national or international legislation, the rights of third parties or morality and public order. In the event that the user considers that there is any content on the website that could be susceptible to this classification, please contact <b>MOMENTUM ADVANCED PORT SERVICES, S.L.<\/b><\/span><\/p>\n<p><span style=\"font-weight: 400\"><b>MOMENTUM ADVANCED PORT SERVICES, S.L.<\/b> accepts no responsibility for the replies made through the different e-mail addresses that appear on its portal, and therefore under no circumstances can any binding legal effect be derived from them.<\/span><\/p>\n<h3><strong>Links or hyperlinks<\/strong><\/h3>\n<p><span style=\"font-weight: 400\">The links contained in our portals may lead to third-party web content. The purpose of these links is solely to make it easier for you to search for resources that may be of interest to you on the Internet. However, these pages do not belong to <b>MOMENTUM ADVANCED PORT SERVICES, S.L.<\/b>, nor does it review their contents and, therefore, <b>MOMENTUM ADVANCED PORT SERVICES, S.L.<\/b> assumes no responsibility for the content, information or services that may appear on these sites, which are for information purposes only and in no case imply any relationship between <b>MOMENTUM ADVANCED PORT SERVICES, S.L.<\/b> and the persons or entities that own such content or the owners of the sites where they are located. <b>MOMENTUM ADVANCED PORT SERVICES, S.L.<\/b> cannot be held responsible for the operation of the linked page or for any possible damage that may arise from accessing or using it.<\/span><\/p>\n<p><span style=\"font-weight: 400\">Links to the websites of <b>MOMENTUM ADVANCED PORT SERVICES, S.L.<\/b> must respect the following conditions:<\/span><\/p>\n<ol>\n<li style=\"font-weight: 400\"><span style=\"font-weight: 400\">The establishment of the link does not imply any type of agreement, contract, sponsorship or recommendation by <b>MOMENTUM ADVANCED PORT SERVICES, S.L.<\/b> of the page that establishes the link.<\/span><\/li>\n<li style=\"font-weight: 400\"><span style=\"font-weight: 400\">The website on which the hyperlink is established shall not contain information with content that is unlawful, discriminatory, contrary to commonly accepted ethical principles or contrary to public order, nor shall it contain content that is contrary to any third party rights.<\/span><\/li>\n<li style=\"font-weight: 400\"><span style=\"font-weight: 400\"><b>MOMENTUM ADVANCED PORT SERVICES, S.L.<\/b> may request the removal of a link to its website without giving any reason. In this case, the page that has created the link must immediately remove it, as soon as <b>MOMENTUM ADVANCED PORT SERVICES, S.L.<\/b> is notified.<\/span><\/li>\n<li style=\"font-weight: 400\"><span style=\"font-weight: 400\">It is not responsible in any way nor does it guarantee the quality, accuracy, reliability, correctness or morality of content or services that the establishment of the hyperlink may offer. The user assumes sole responsibility for any consequences, damages or actions that may arise from accessing the hyperlinked website.<\/span><\/li>\n<li style=\"font-weight: 400\"><span style=\"font-weight: 400\">The web page on which the hyperlink is established may not contain any brand, name, logo, slogan or other distinctive signs belonging to <b>MOMENTUM ADVANCED PORT SERVICES, S.L.<\/b> except those signs that form part of the hyperlink itself.<\/span><\/li>\n<\/ol>\n<h3><strong style=\"color: inherit;font-family: inherit;font-size: 1.75rem\">Applicable law and jurisdiction<\/strong><br><\/h3>\n<p><span style=\"font-weight: 400\">The applicable law in the event of a dispute or conflict of interpretation of the terms that make up this Legal Notice, as well as any question related to the services of this site, shall be Spanish law, unless the user can be considered a consumer, in which case the user\u00b4s personal law shall apply.<\/span><\/p>\n<p><span style=\"font-weight: 400\">For the resolution of any conflict that may arise from visiting the site or from the use of the services offered therein, <b>MOMENTUM ADVANCED PORT SERVICES, S.L.<\/b> and the User agree to submit to the Courts and Tribunals of the User&#8217;s domicile, provided that the User is located in Spanish territory and is acting as a consumer. Otherwise, the submission will be to the courts and tribunals of the city of Madrid, Spain.<\/span><\/p>\t\t\t\t\t\t\t\t<\/div>\n\t\t\t\t<\/div>\n\t\t\t\t\t<\/div>\n\t\t\t\t<\/div>\n\t\t\t\t<\/div>\n\t\t","protected":false},"excerpt":{"rendered":"<p>Legal Notice (Terms of Use) In compliance with Law 34\/2002, of 11 July, on information society services and electronic commerce (LSSI), we inform you that: MOMENTUM ADVANCED PORT SERVICES, S.L. is a public limited company. Its VAT number is B88055249 and its registered office is at calle Alcal\u00e1, 79, 1\u00baB, 28009 Madrid. It is registered [&hellip;]<\/p>\n","protected":false},"author":1,"featured_media":0,"parent":0,"menu_order":0,"comment_status":"closed","ping_status":"closed","template":"","meta":{"_acf_changed":false,"inline_featured_image":false,"footnotes":""},"class_list":["post-2416","page","type-page","status-publish","hentry"],"acf":[],"yoast_head":"<!-- This site is optimized with the Yoast SEO plugin v27.3 - https:\/\/yoast.com\/product\/yoast-seo-wordpress\/ -->\n<title>Legal Notice - Paceco<\/title>\n<meta name=\"description\" content=\"Announcement and guidelines about legal notice and terms of use for PACECO MOMENTUM website users and visitors\" \/>\n<meta name=\"robots\" content=\"index, follow, max-snippet:-1, max-image-preview:large, max-video-preview:-1\" \/>\n<link rel=\"canonical\" href=\"https:\/\/paceco-momentum.com\/en\/legal-notice-paceco-momentum\/\" \/>\n<meta property=\"og:locale\" content=\"en_US\" \/>\n<meta property=\"og:type\" content=\"article\" \/>\n<meta property=\"og:title\" content=\"Legal Notice - Paceco\" \/>\n<meta property=\"og:description\" content=\"Announcement and guidelines about legal notice and terms of use for PACECO MOMENTUM website users and visitors\" \/>\n<meta property=\"og:url\" content=\"https:\/\/paceco-momentum.com\/en\/legal-notice-paceco-momentum\/\" \/>\n<meta property=\"og:site_name\" content=\"Paceco\" \/>\n<meta property=\"article:modified_time\" content=\"2024-02-20T15:51:03+00:00\" \/>\n<meta name=\"twitter:card\" content=\"summary_large_image\" \/>\n<meta name=\"twitter:label1\" content=\"Est. reading time\" \/>\n\t<meta name=\"twitter:data1\" content=\"8 minutes\" \/>\n<script type=\"application\/ld+json\" class=\"yoast-schema-graph\">{\"@context\":\"https:\\\/\\\/schema.org\",\"@graph\":[{\"@type\":\"WebPage\",\"@id\":\"https:\\\/\\\/paceco-momentum.com\\\/en\\\/legal-notice-paceco-momentum\\\/\",\"url\":\"https:\\\/\\\/paceco-momentum.com\\\/en\\\/legal-notice-paceco-momentum\\\/\",\"name\":\"Legal Notice - Paceco\",\"isPartOf\":{\"@id\":\"https:\\\/\\\/ronin4s.tech\\\/paceco\\\/#website\"},\"datePublished\":\"2023-08-01T19:11:34+00:00\",\"dateModified\":\"2024-02-20T15:51:03+00:00\",\"description\":\"Announcement and guidelines about legal notice and terms of use for PACECO MOMENTUM website users and visitors\",\"breadcrumb\":{\"@id\":\"https:\\\/\\\/paceco-momentum.com\\\/en\\\/legal-notice-paceco-momentum\\\/#breadcrumb\"},\"inLanguage\":\"en-US\",\"potentialAction\":[{\"@type\":\"ReadAction\",\"target\":[\"https:\\\/\\\/paceco-momentum.com\\\/en\\\/legal-notice-paceco-momentum\\\/\"]}]},{\"@type\":\"BreadcrumbList\",\"@id\":\"https:\\\/\\\/paceco-momentum.com\\\/en\\\/legal-notice-paceco-momentum\\\/#breadcrumb\",\"itemListElement\":[{\"@type\":\"ListItem\",\"position\":1,\"name\":\"Portada\",\"item\":\"https:\\\/\\\/paceco-momentum.com\\\/en\\\/\"},{\"@type\":\"ListItem\",\"position\":2,\"name\":\"Legal Notice\"}]},{\"@type\":\"WebSite\",\"@id\":\"https:\\\/\\\/ronin4s.tech\\\/paceco\\\/#website\",\"url\":\"https:\\\/\\\/ronin4s.tech\\\/paceco\\\/\",\"name\":\"Paceco\",\"description\":\"Gr\u00faas, servicios y tecnolog\u00edas para terminales de contenedores y multiprop\u00f3sito - Paceco Momentum\",\"publisher\":{\"@id\":\"https:\\\/\\\/ronin4s.tech\\\/paceco\\\/#organization\"},\"potentialAction\":[{\"@type\":\"SearchAction\",\"target\":{\"@type\":\"EntryPoint\",\"urlTemplate\":\"https:\\\/\\\/ronin4s.tech\\\/paceco\\\/?s={search_term_string}\"},\"query-input\":{\"@type\":\"PropertyValueSpecification\",\"valueRequired\":true,\"valueName\":\"search_term_string\"}}],\"inLanguage\":\"en-US\"},{\"@type\":\"Organization\",\"@id\":\"https:\\\/\\\/ronin4s.tech\\\/paceco\\\/#organization\",\"name\":\"Paceco\",\"url\":\"https:\\\/\\\/ronin4s.tech\\\/paceco\\\/\",\"logo\":{\"@type\":\"ImageObject\",\"inLanguage\":\"en-US\",\"@id\":\"https:\\\/\\\/ronin4s.tech\\\/paceco\\\/#\\\/schema\\\/logo\\\/image\\\/\",\"url\":\"https:\\\/\\\/paceco-momentum.com\\\/wp-content\\\/uploads\\\/2023\\\/09\\\/momentum-logo.png\",\"contentUrl\":\"https:\\\/\\\/paceco-momentum.com\\\/wp-content\\\/uploads\\\/2023\\\/09\\\/momentum-logo.png\",\"width\":600,\"height\":119,\"caption\":\"Paceco\"},\"image\":{\"@id\":\"https:\\\/\\\/ronin4s.tech\\\/paceco\\\/#\\\/schema\\\/logo\\\/image\\\/\"}}]}<\/script>\n<!-- \/ Yoast SEO plugin. -->","yoast_head_json":{"title":"Legal Notice - Paceco","description":"Announcement and guidelines about legal notice and terms of use for PACECO MOMENTUM website users and visitors","robots":{"index":"index","follow":"follow","max-snippet":"max-snippet:-1","max-image-preview":"max-image-preview:large","max-video-preview":"max-video-preview:-1"},"canonical":"https:\/\/paceco-momentum.com\/en\/legal-notice-paceco-momentum\/","og_locale":"en_US","og_type":"article","og_title":"Legal Notice - Paceco","og_description":"Announcement and guidelines about legal notice and terms of use for PACECO MOMENTUM website users and visitors","og_url":"https:\/\/paceco-momentum.com\/en\/legal-notice-paceco-momentum\/","og_site_name":"Paceco","article_modified_time":"2024-02-20T15:51:03+00:00","twitter_card":"summary_large_image","twitter_misc":{"Est. reading time":"8 minutes"},"schema":{"@context":"https:\/\/schema.org","@graph":[{"@type":"WebPage","@id":"https:\/\/paceco-momentum.com\/en\/legal-notice-paceco-momentum\/","url":"https:\/\/paceco-momentum.com\/en\/legal-notice-paceco-momentum\/","name":"Legal Notice - Paceco","isPartOf":{"@id":"https:\/\/ronin4s.tech\/paceco\/#website"},"datePublished":"2023-08-01T19:11:34+00:00","dateModified":"2024-02-20T15:51:03+00:00","description":"Announcement and guidelines about legal notice and terms of use for PACECO MOMENTUM website users and visitors","breadcrumb":{"@id":"https:\/\/paceco-momentum.com\/en\/legal-notice-paceco-momentum\/#breadcrumb"},"inLanguage":"en-US","potentialAction":[{"@type":"ReadAction","target":["https:\/\/paceco-momentum.com\/en\/legal-notice-paceco-momentum\/"]}]},{"@type":"BreadcrumbList","@id":"https:\/\/paceco-momentum.com\/en\/legal-notice-paceco-momentum\/#breadcrumb","itemListElement":[{"@type":"ListItem","position":1,"name":"Portada","item":"https:\/\/paceco-momentum.com\/en\/"},{"@type":"ListItem","position":2,"name":"Legal Notice"}]},{"@type":"WebSite","@id":"https:\/\/ronin4s.tech\/paceco\/#website","url":"https:\/\/ronin4s.tech\/paceco\/","name":"Paceco","description":"Gr\u00faas, servicios y tecnolog\u00edas para terminales de contenedores y multiprop\u00f3sito - Paceco Momentum","publisher":{"@id":"https:\/\/ronin4s.tech\/paceco\/#organization"},"potentialAction":[{"@type":"SearchAction","target":{"@type":"EntryPoint","urlTemplate":"https:\/\/ronin4s.tech\/paceco\/?s={search_term_string}"},"query-input":{"@type":"PropertyValueSpecification","valueRequired":true,"valueName":"search_term_string"}}],"inLanguage":"en-US"},{"@type":"Organization","@id":"https:\/\/ronin4s.tech\/paceco\/#organization","name":"Paceco","url":"https:\/\/ronin4s.tech\/paceco\/","logo":{"@type":"ImageObject","inLanguage":"en-US","@id":"https:\/\/ronin4s.tech\/paceco\/#\/schema\/logo\/image\/","url":"https:\/\/paceco-momentum.com\/wp-content\/uploads\/2023\/09\/momentum-logo.png","contentUrl":"https:\/\/paceco-momentum.com\/wp-content\/uploads\/2023\/09\/momentum-logo.png","width":600,"height":119,"caption":"Paceco"},"image":{"@id":"https:\/\/ronin4s.tech\/paceco\/#\/schema\/logo\/image\/"}}]}},"_links":{"self":[{"href":"https:\/\/paceco-momentum.com\/en\/wp-json\/wp\/v2\/pages\/2416","targetHints":{"allow":["GET"]}}],"collection":[{"href":"https:\/\/paceco-momentum.com\/en\/wp-json\/wp\/v2\/pages"}],"about":[{"href":"https:\/\/paceco-momentum.com\/en\/wp-json\/wp\/v2\/types\/page"}],"author":[{"embeddable":true,"href":"https:\/\/paceco-momentum.com\/en\/wp-json\/wp\/v2\/users\/1"}],"replies":[{"embeddable":true,"href":"https:\/\/paceco-momentum.com\/en\/wp-json\/wp\/v2\/comments?post=2416"}],"version-history":[{"count":0,"href":"https:\/\/paceco-momentum.com\/en\/wp-json\/wp\/v2\/pages\/2416\/revisions"}],"wp:attachment":[{"href":"https:\/\/paceco-momentum.com\/en\/wp-json\/wp\/v2\/media?parent=2416"}],"curies":[{"name":"wp","href":"https:\/\/api.w.org\/{rel}","templated":true}]}}