{"id":1898,"date":"2023-05-24T02:04:20","date_gmt":"2023-05-24T02:04:20","guid":{"rendered":"https:\/\/paceco-momentum.com\/?page_id=1898"},"modified":"2024-02-20T15:54:02","modified_gmt":"2024-02-20T15:54:02","slug":"paceco-momentum-privacy-policy","status":"publish","type":"page","link":"https:\/\/paceco-momentum.com\/en\/paceco-momentum-privacy-policy\/","title":{"rendered":"Privacy Policy"},"content":{"rendered":"\t\t<div data-elementor-type=\"wp-page\" data-elementor-id=\"1898\" class=\"elementor elementor-1898 elementor-3\" data-elementor-post-type=\"page\">\n\t\t\t\t<div class=\"elementor-element elementor-element-6996add e-flex e-con-boxed e-con e-parent\" data-id=\"6996add\" data-element_type=\"container\" data-e-type=\"container\">\n\t\t\t\t\t<div class=\"e-con-inner\">\n\t\t\t\t<div class=\"elementor-element elementor-element-c8706c4 elementor-widget elementor-widget-heading\" data-id=\"c8706c4\" data-element_type=\"widget\" data-e-type=\"widget\" data-widget_type=\"heading.default\">\n\t\t\t\t<div class=\"elementor-widget-container\">\n\t\t\t\t\t<h2 class=\"elementor-heading-title elementor-size-default\">Privacy Policy<\/h2>\t\t\t\t<\/div>\n\t\t\t\t<\/div>\n\t\t\t\t<div class=\"elementor-element elementor-element-fff2f9f elementor-widget elementor-widget-text-editor\" data-id=\"fff2f9f\" data-element_type=\"widget\" data-e-type=\"widget\" data-widget_type=\"text-editor.default\">\n\t\t\t\t<div class=\"elementor-widget-container\">\n\t\t\t\t\t\t\t\t\t<h3><b>1.- Privacy policy&nbsp;<p><\/p>\n<\/b><p><b><\/b><\/p>\n<p><b><\/b><\/p>\n<p><b><\/b><\/p>\n<p><b><\/b><\/p>\n<p><b><\/b><\/p>\n<p><b><\/b><\/p>\n<p><b><\/b><\/p>\n<p><b><\/b><\/p>\n<p><b><\/b><\/p>\n<p><b><\/b><\/p>\n<p><b><\/b><\/p>\n<p><b><\/b><\/p>\n<p><b><\/b><\/p>\n<p><b><\/b><\/p>\n<p><b><\/b><\/p>\n<p><b><\/b><\/p>\n<p><b><\/b><\/p>\n<p><b><\/b><\/p>\n<p><b><\/b><\/p>\n<p><b><\/b><\/p>\n<p><b><\/b><\/p>\n<\/h3>\n<p><b>MOMENTUM ADVANCED PORT SERVICES, S.L<\/b><b>.<\/b><span style=\"font-weight: 400\"> informs the users of the website about its policy regarding the treatment and protection of the personal data of users and clients that may be obtained by browsing or contracting services through its website.<\/span><\/p>\n<p><span style=\"font-weight: 400\">In this sense, <\/span><b>MOMENTUM ADVANCED PORT SERVICES, S.L.<\/b><span style=\"font-weight: 400\"> guarantees compliance with current legislation on personal data protection, reflected in Regulation (EU) 2016\/679 of the European Parliament and of the Council of 27 April 2016 (RGPD) and Organic Law 3\/2018, of 5 December, on the Protection of Personal Data and Guarantee of Digital Rights (LOPD). The use of this website implies acceptance of this privacy policy.<\/span><\/p>\n<p><\/p>\n<h3><b>2.- Collection, purpose and processing of data<p><\/p>\n<\/b><p><b><\/b><\/p>\n<p><b><\/b><\/p>\n<p><b><\/b><\/p>\n<p><b><\/b><\/p>\n<p><b><\/b><\/p>\n<p><b><\/b><\/p>\n<p><b><\/b><\/p>\n<p><b><\/b><\/p>\n<p><b><\/b><\/p>\n<p><b><\/b><\/p>\n<p><b><\/b><\/p>\n<p><b><\/b><\/p>\n<p><b><\/b><\/p>\n<p><b><\/b><\/p>\n<p><b><\/b><\/p>\n<p><b><\/b><\/p>\n<p><b><\/b><\/p>\n<p><b><\/b><\/p>\n<p><b><\/b><\/p>\n<p><b><\/b><\/p>\n<p><b><\/b><\/p>\n<\/h3>\n<p><b>MOMENTUM ADVANCED PORT SERVICES, S.L.<\/b><span style=\"font-weight: 400\"> has the duty to inform the users of its website about the collection of personal data that may be carried out, either by sending e-mails or by filling in the forms included in the website. In this sense, <\/span><b>MOMENTUM ADVANCED PORT SERVICES, S.L.<\/b><span style=\"font-weight: 400\"> will be considered responsible for the data collected by the means described above.<\/span><\/p>\n<p><span style=\"font-weight: 400\">In turn, <\/span><b>MOMENTUM ADVANCED PORT SERVICES, S.L.<\/b><span style=\"font-weight: 400\"> informs users that the purpose of the processing of the data collected includes: attending to requests made by users, inclusion in the contact agenda, provision of services, management of the commercial relationship and other purposes.<\/span><\/p>\n<p><span style=\"font-weight: 400\">The operations, management and technical procedures that are carried out in an automated or non-automated manner and that make possible the collection, storage, modification, transfer and other actions on personal data are considered to be the processing of personal data.<\/span><\/p>\n<p><b>Purpose of processing: <\/b><span style=\"font-weight: 400\">We process your data to maintain, fulfill, develop, control and execute the relationships, commercial or otherwise, that we maintain with users, customers and suppliers. We may also send commercial communications about offers or opportunities for collaboration with <\/span><b>MOMENTUM ADVANCED PORT SERVICES, S.L.<\/b><\/p>\n<p><b>Legal basis for processing: MOMENTUM ADVANCED PORT SERVICES, S.L. <\/b><span style=\"font-weight: 400\">has a legitimate interest in processing your data as a point of contact as a user, customer or supplier of <\/span><b>MOMENTUM ADVANCED PORT SERVICES, S.L.<\/b><span style=\"font-weight: 400\"> in order to comply with our business relationships. Regarding the sending of commercial communications, the legal basis will be the consent that you have expressed.<\/span><\/p>\n<p><b>Recipients of your data:<\/b><span style=\"font-weight: 400\"> Only some of our technological service providers and internal staff of <\/span><b>MOMENTUM ADVANCED PORT SERVICES, S.L.<\/b><span style=\"font-weight: 400\"> will have access to your personal data for the correct fulfillment of the obligations assumed by both parties. The technological service providers and our staff will treat your data according to our instructions and always under our control.<\/span><\/p>\n<p><b>Period of conservation of your data: <\/b><span style=\"font-weight: 400\">Your data will be kept during the execution and maintenance of the contractual relationship, as well as for the necessary time to comply with the legal obligations of <\/span><b>MOMENTUM ADVANCED PORT SERVICES, S.L.<\/b><\/p>\n<p><b style=\"color: inherit;font-family: inherit;font-size: 1.75rem\">3.- Disclosure of information to third parties<\/b><br><\/p>\n<h3><b><p><\/p>\n<\/b><p><b><\/b><\/p>\n<p><b><\/b><\/p>\n<p><b><\/b><\/p>\n<p><b><\/b><\/p>\n<p><b><\/b><\/p>\n<p><b><\/b><\/p>\n<p><b><\/b><\/p>\n<p><b><\/b><\/p>\n<p><b><\/b><\/p>\n<p><b><\/b><\/p>\n<p><b><\/b><\/p>\n<p><b><\/b><\/p>\n<p><b><\/b><\/p>\n<p><b><\/b><\/p>\n<p><b><\/b><\/p>\n<p><b><\/b><\/p>\n<p><b><\/b><\/p>\n<p><b><\/b><\/p>\n<p><b><\/b><\/p>\n<p><b><\/b><\/p>\n<p><b><\/b><\/p>\n<\/h3>\n<p><b>MOMENTUM ADVANCED PORT SERVICES, S.L. <\/b><span style=\"font-weight: 400\">informs users that their personal data will not be transferred to third party organisations, except when this transfer of data is covered by a legal obligation or when the provision of a service implies the need for a contractual relationship with a data processor. In the latter case, only one will take out the third party data transfer when <\/span><b>MOMENTUM ADVANCED PORT SERVICES, S.L.<\/b><span style=\"font-weight: 400\"> has the express consent of the user.<\/span><\/p>\n<p><b>MOMENTUM ADVANCED PORT SERVICES, S.L. <\/b><span style=\"font-weight: 400\">does not foresee the international transfer of data. In the event that such an international transfer is necessary, the recipients will adhere to the corresponding agreements, guaranteeing that they apply the same data protection standards as European companies.<\/span><\/p>\n<p style=\"line-height: normal\"><span lang=\"EN-GB\" style=\"font-size:12.0pt;,sans-serif\"><\/span><\/p>\n<p><\/p>\n<h3><b>4.- User rights<p><\/p>\n<\/b><p><b><\/b><\/p>\n<p><b><\/b><\/p>\n<p><b><\/b><\/p>\n<p><b><\/b><\/p>\n<p><b><\/b><\/p>\n<p><b><\/b><\/p>\n<p><b><\/b><\/p>\n<p><b><\/b><\/p>\n<p><b><\/b><\/p>\n<p><b><\/b><\/p>\n<p><b><\/b><\/p>\n<p><b><\/b><\/p>\n<p><b><\/b><\/p>\n<p><b><\/b><\/p>\n<p><b><\/b><\/p>\n<p><b><\/b><\/p>\n<p><b><\/b><\/p>\n<p><b><\/b><\/p>\n<p><b><\/b><\/p>\n<p><b><\/b><\/p>\n<p><b><\/b><\/p>\n<\/h3>\n<div>In accordance with the RGPD and the LOPD, you may exercise the following rights before <b>MOMENTUM ADVANCED PORT SERVICES, S.L.<\/b>:<b><br><\/b><br>&#8211;&nbsp;<span style=\"color: var( --e-global-color-text );font-family: var( --e-global-typography-text-font-family ), Sans-serif;font-weight: var( --e-global-typography-text-font-weight );font-size: 1rem\">Right of access to your personal data to know which are being processed and the processing operations carried out with them.<\/span><br><\/div>\n<div><span style=\"color: var( --e-global-color-text );font-family: var( --e-global-typography-text-font-family ), Sans-serif;font-weight: var( --e-global-typography-text-font-weight );font-size: 1rem\"><br><\/span><\/div>\n<p><span style=\"color: var( --e-global-color-text );font-family: var( --e-global-typography-text-font-family ), Sans-serif;font-size: 1rem;font-weight: var( --e-global-typography-text-font-weight )\">&#8211; Right of rectification of any inaccurate personal data.<\/span><br><\/p>\n<p>&#8211; Right to erasure of your personal data, whenever possible.<\/p>\n<p>&#8211; Right to request the limitation of the processing of your personal data when the accuracy, lawfulness or necessity of the data processing is in doubt, in which case we may retain the data for the exercise or defense of claims.<\/p>\n<p style=\"text-indent: -18pt;line-height: normal\"><span lang=\"EN-GB\" style=\"font-size:12.0pt;,sans-serif\"><\/span><\/p>\n<p style=\"line-height: normal\"><span lang=\"EN-GB\" style=\"font-size:12.0pt;,sans-serif\">&nbsp;&#8211; <\/span><span style=\"color: var( --e-global-color-text );font-family: var( --e-global-typography-text-font-family ), Sans-serif;font-weight: var( --e-global-typography-text-font-weight );font-size: 1rem\">Right of opposition to the processing of your data to resolve any issue you have raised with us as well as to the processing of your data through a social network\/or the processing of your curriculum<\/span><span style=\"color: var( --e-global-color-text );font-weight: var( --e-global-typography-text-font-weight );font-size: 1rem\"><font face=\"Arial, sans-serif\">. <\/font><\/span><span style=\"color: var( --e-global-color-text );font-family: var( --e-global-typography-text-font-family ), Sans-serif;font-weight: var( --e-global-typography-text-font-weight );font-size: 1rem\">Likewise, you may withdraw your consent to receive commercial communications at any time.<\/span><\/p>\n<p style=\"text-indent: -18pt;line-height: normal\"><span lang=\"EN-GB\" style=\"font-size:12.0pt;,sans-serif\"><\/span><\/p>\n<p><span lang=\"EN-GB\" style=\"font-size:12.0pt;line-height:107%;,sans-serif\">&nbsp;&#8211;&nbsp;<\/span><span style=\"color: var( --e-global-color-text );font-family: var( --e-global-typography-text-font-family ), Sans-serif;font-weight: var( --e-global-typography-text-font-weight );font-size: 1rem\">Right to the portability of your personal data when you are a registered user of <\/span><span style=\"color: var( --e-global-color-text );font-family: var( --e-global-typography-text-font-family ), Sans-serif;font-size: 1rem\"><b>MOMENTUM ADVANCED PORT SERVICES, S.L.<\/b><\/span><span style=\"color: var( --e-global-color-text );font-family: var( --e-global-typography-text-font-family ), Sans-serif;font-weight: var( --e-global-typography-text-font-weight );font-size: 1rem\"> and in relation to the processing intended to maintain our contractual relationship. Portability consists of receiving the personal data you have provided to <\/span><span style=\"color: var( --e-global-color-text );font-family: var( --e-global-typography-text-font-family ), Sans-serif;font-size: 1rem\"><b>MOMENTUM ADVANCED PORT SERVICES, S.L. <\/b><\/span><span style=\"color: var( --e-global-color-text );font-family: var( --e-global-typography-text-font-family ), Sans-serif;font-weight: var( --e-global-typography-text-font-weight );font-size: 1rem\">in a structured, commonly used and machine-readable format, and to transmit the data to another data controller when the processing is carried out by automated means.<\/span><\/p>\n<p style=\"text-indent: -18pt\"><span lang=\"EN-GB\" style=\"font-size:12.0pt;line-height:107%;,sans-serif\"><\/span><\/p>\n<p><span style=\"color: var( --e-global-color-text );font-family: var( --e-global-typography-text-font-family ), Sans-serif;font-weight: var( --e-global-typography-text-font-weight );font-size: 1rem\">You may exercise your rights at any time free of charge by ordinary mail sent to <\/span><span style=\"color: var( --e-global-color-text );font-family: var( --e-global-typography-text-font-family ), Sans-serif;font-size: 1rem\"><b>MOMENTUM ADVANCED PORT SERVICES, S.L.<\/b><\/span><span style=\"color: var( --e-global-color-text );font-family: var( --e-global-typography-text-font-family ), Sans-serif;font-weight: var( --e-global-typography-text-font-weight );font-size: 1rem\">, calle Alcal\u00e1, 79, 1\u00baB, 28009 Madrid, or by e-mail to the following address:<\/span><\/p>\n<p><a href=\"mailto:info@paceco-momentum.com\" style=\"font-size: 1rem;text-align: start\">info@paceco-momentum.com<\/a><span style=\"color: var( --e-global-color-text );font-family: var( --e-global-typography-text-font-family ), Sans-serif;font-weight: var( --e-global-typography-text-font-weight );font-size: 1rem\"><br><\/span><\/p>\n<p><span lang=\"EN-GB\" style=\"font-size:12.0pt;line-height:107%;,sans-serif\"><\/span><\/p>\n<p><span lang=\"EN-GB\" style=\"font-size:12.0pt;line-height:107%;,sans-serif\"><span style=\", sans-serif\">You must specify which right you wish to exercise, as well as your identification data. In the event that, in order to verify your identity, we need additional data to those you do not provide, we will let you know.<\/span><\/span><\/p>\n<p>If you believe that <b>MOMENTUM ADVANCED PORT SERVICES, S.L.<\/b> has committed an infringement of the personal data protection legislation, please do not hesitate to contact us at the e-mail address&nbsp;<a href=\"mailto:info@paceco-momentum.com\" style=\"font-family: var( --e-global-typography-text-font-family ), Sans-serif;font-weight: var( --e-global-typography-text-font-weight );font-size: 1rem;text-align: start\">info@paceco-momentum.com<\/a><span style=\"color: var( --e-global-color-text );font-family: var( --e-global-typography-text-font-family ), Sans-serif;font-weight: var( --e-global-typography-text-font-weight );font-size: 1rem\">, telling us what you think, so that we can solve the problem as soon as possible. You can also bring it to the attention of the Spanish Data Protection Agency and claim before this body for the protection of your rights.&nbsp;&nbsp;<\/span><\/p>\n<p><span lang=\"EN-GB\" style=\"font-size:12.0pt;line-height:107%;,sans-serif\"><\/span><\/p>\n<p><br><\/p>\t\t\t\t\t\t\t\t<\/div>\n\t\t\t\t<\/div>\n\t\t\t\t\t<\/div>\n\t\t\t\t<\/div>\n\t\t\t\t<\/div>\n\t\t","protected":false},"excerpt":{"rendered":"<p>Privacy Policy 1.- Privacy policy\u00a0 &nbsp; &nbsp; &nbsp; &nbsp; &nbsp; &nbsp; &nbsp; &nbsp; &nbsp; &nbsp; &nbsp; &nbsp; &nbsp; &nbsp; &nbsp; &nbsp; &nbsp; &nbsp; &nbsp; &nbsp; &nbsp; &nbsp; MOMENTUM ADVANCED PORT SERVICES, S.L. informs the users of the website about its policy regarding the treatment and protection of the personal data of users and clients that [&hellip;]<\/p>\n","protected":false},"author":1,"featured_media":0,"parent":0,"menu_order":0,"comment_status":"closed","ping_status":"closed","template":"","meta":{"_acf_changed":false,"inline_featured_image":false,"footnotes":""},"class_list":["post-1898","page","type-page","status-publish","hentry"],"acf":[],"yoast_head":"<!-- This site is optimized with the Yoast SEO plugin v27.3 - https:\/\/yoast.com\/product\/yoast-seo-wordpress\/ -->\n<title>Privacy Policy - Paceco<\/title>\n<meta name=\"description\" content=\"Announcement and guidelines concerning our established privacy policy for PACECO MOMENTUM website users and visitors\" \/>\n<meta name=\"robots\" content=\"index, follow, max-snippet:-1, max-image-preview:large, max-video-preview:-1\" \/>\n<link rel=\"canonical\" href=\"https:\/\/paceco-momentum.com\/en\/paceco-momentum-privacy-policy\/\" \/>\n<meta property=\"og:locale\" content=\"en_US\" \/>\n<meta property=\"og:type\" content=\"article\" \/>\n<meta property=\"og:title\" content=\"Privacy Policy - Paceco\" \/>\n<meta property=\"og:description\" content=\"Announcement and guidelines concerning our established privacy policy for PACECO MOMENTUM website users and visitors\" \/>\n<meta property=\"og:url\" content=\"https:\/\/paceco-momentum.com\/en\/paceco-momentum-privacy-policy\/\" \/>\n<meta property=\"og:site_name\" content=\"Paceco\" \/>\n<meta property=\"article:modified_time\" content=\"2024-02-20T15:54:02+00:00\" \/>\n<meta name=\"twitter:card\" content=\"summary_large_image\" \/>\n<meta name=\"twitter:label1\" content=\"Est. reading time\" \/>\n\t<meta name=\"twitter:data1\" content=\"5 minutes\" \/>\n<script type=\"application\/ld+json\" class=\"yoast-schema-graph\">{\"@context\":\"https:\\\/\\\/schema.org\",\"@graph\":[{\"@type\":\"WebPage\",\"@id\":\"https:\\\/\\\/paceco-momentum.com\\\/en\\\/paceco-momentum-privacy-policy\\\/\",\"url\":\"https:\\\/\\\/paceco-momentum.com\\\/en\\\/paceco-momentum-privacy-policy\\\/\",\"name\":\"Privacy Policy - Paceco\",\"isPartOf\":{\"@id\":\"https:\\\/\\\/ronin4s.tech\\\/paceco\\\/#website\"},\"datePublished\":\"2023-05-24T02:04:20+00:00\",\"dateModified\":\"2024-02-20T15:54:02+00:00\",\"description\":\"Announcement and guidelines concerning our established privacy policy for PACECO MOMENTUM website users and visitors\",\"breadcrumb\":{\"@id\":\"https:\\\/\\\/paceco-momentum.com\\\/en\\\/paceco-momentum-privacy-policy\\\/#breadcrumb\"},\"inLanguage\":\"en-US\",\"potentialAction\":[{\"@type\":\"ReadAction\",\"target\":[\"https:\\\/\\\/paceco-momentum.com\\\/en\\\/paceco-momentum-privacy-policy\\\/\"]}]},{\"@type\":\"BreadcrumbList\",\"@id\":\"https:\\\/\\\/paceco-momentum.com\\\/en\\\/paceco-momentum-privacy-policy\\\/#breadcrumb\",\"itemListElement\":[{\"@type\":\"ListItem\",\"position\":1,\"name\":\"Portada\",\"item\":\"https:\\\/\\\/paceco-momentum.com\\\/en\\\/\"},{\"@type\":\"ListItem\",\"position\":2,\"name\":\"Privacy Policy\"}]},{\"@type\":\"WebSite\",\"@id\":\"https:\\\/\\\/ronin4s.tech\\\/paceco\\\/#website\",\"url\":\"https:\\\/\\\/ronin4s.tech\\\/paceco\\\/\",\"name\":\"Paceco\",\"description\":\"Gr\u00faas, servicios y tecnolog\u00edas para terminales de contenedores y multiprop\u00f3sito - Paceco Momentum\",\"publisher\":{\"@id\":\"https:\\\/\\\/ronin4s.tech\\\/paceco\\\/#organization\"},\"potentialAction\":[{\"@type\":\"SearchAction\",\"target\":{\"@type\":\"EntryPoint\",\"urlTemplate\":\"https:\\\/\\\/ronin4s.tech\\\/paceco\\\/?s={search_term_string}\"},\"query-input\":{\"@type\":\"PropertyValueSpecification\",\"valueRequired\":true,\"valueName\":\"search_term_string\"}}],\"inLanguage\":\"en-US\"},{\"@type\":\"Organization\",\"@id\":\"https:\\\/\\\/ronin4s.tech\\\/paceco\\\/#organization\",\"name\":\"Paceco\",\"url\":\"https:\\\/\\\/ronin4s.tech\\\/paceco\\\/\",\"logo\":{\"@type\":\"ImageObject\",\"inLanguage\":\"en-US\",\"@id\":\"https:\\\/\\\/ronin4s.tech\\\/paceco\\\/#\\\/schema\\\/logo\\\/image\\\/\",\"url\":\"https:\\\/\\\/paceco-momentum.com\\\/wp-content\\\/uploads\\\/2023\\\/09\\\/momentum-logo.png\",\"contentUrl\":\"https:\\\/\\\/paceco-momentum.com\\\/wp-content\\\/uploads\\\/2023\\\/09\\\/momentum-logo.png\",\"width\":600,\"height\":119,\"caption\":\"Paceco\"},\"image\":{\"@id\":\"https:\\\/\\\/ronin4s.tech\\\/paceco\\\/#\\\/schema\\\/logo\\\/image\\\/\"}}]}<\/script>\n<!-- \/ Yoast SEO plugin. -->","yoast_head_json":{"title":"Privacy Policy - Paceco","description":"Announcement and guidelines concerning our established privacy policy for PACECO MOMENTUM website users and visitors","robots":{"index":"index","follow":"follow","max-snippet":"max-snippet:-1","max-image-preview":"max-image-preview:large","max-video-preview":"max-video-preview:-1"},"canonical":"https:\/\/paceco-momentum.com\/en\/paceco-momentum-privacy-policy\/","og_locale":"en_US","og_type":"article","og_title":"Privacy Policy - Paceco","og_description":"Announcement and guidelines concerning our established privacy policy for PACECO MOMENTUM website users and visitors","og_url":"https:\/\/paceco-momentum.com\/en\/paceco-momentum-privacy-policy\/","og_site_name":"Paceco","article_modified_time":"2024-02-20T15:54:02+00:00","twitter_card":"summary_large_image","twitter_misc":{"Est. reading time":"5 minutes"},"schema":{"@context":"https:\/\/schema.org","@graph":[{"@type":"WebPage","@id":"https:\/\/paceco-momentum.com\/en\/paceco-momentum-privacy-policy\/","url":"https:\/\/paceco-momentum.com\/en\/paceco-momentum-privacy-policy\/","name":"Privacy Policy - Paceco","isPartOf":{"@id":"https:\/\/ronin4s.tech\/paceco\/#website"},"datePublished":"2023-05-24T02:04:20+00:00","dateModified":"2024-02-20T15:54:02+00:00","description":"Announcement and guidelines concerning our established privacy policy for PACECO MOMENTUM website users and visitors","breadcrumb":{"@id":"https:\/\/paceco-momentum.com\/en\/paceco-momentum-privacy-policy\/#breadcrumb"},"inLanguage":"en-US","potentialAction":[{"@type":"ReadAction","target":["https:\/\/paceco-momentum.com\/en\/paceco-momentum-privacy-policy\/"]}]},{"@type":"BreadcrumbList","@id":"https:\/\/paceco-momentum.com\/en\/paceco-momentum-privacy-policy\/#breadcrumb","itemListElement":[{"@type":"ListItem","position":1,"name":"Portada","item":"https:\/\/paceco-momentum.com\/en\/"},{"@type":"ListItem","position":2,"name":"Privacy Policy"}]},{"@type":"WebSite","@id":"https:\/\/ronin4s.tech\/paceco\/#website","url":"https:\/\/ronin4s.tech\/paceco\/","name":"Paceco","description":"Gr\u00faas, servicios y tecnolog\u00edas para terminales de contenedores y multiprop\u00f3sito - Paceco Momentum","publisher":{"@id":"https:\/\/ronin4s.tech\/paceco\/#organization"},"potentialAction":[{"@type":"SearchAction","target":{"@type":"EntryPoint","urlTemplate":"https:\/\/ronin4s.tech\/paceco\/?s={search_term_string}"},"query-input":{"@type":"PropertyValueSpecification","valueRequired":true,"valueName":"search_term_string"}}],"inLanguage":"en-US"},{"@type":"Organization","@id":"https:\/\/ronin4s.tech\/paceco\/#organization","name":"Paceco","url":"https:\/\/ronin4s.tech\/paceco\/","logo":{"@type":"ImageObject","inLanguage":"en-US","@id":"https:\/\/ronin4s.tech\/paceco\/#\/schema\/logo\/image\/","url":"https:\/\/paceco-momentum.com\/wp-content\/uploads\/2023\/09\/momentum-logo.png","contentUrl":"https:\/\/paceco-momentum.com\/wp-content\/uploads\/2023\/09\/momentum-logo.png","width":600,"height":119,"caption":"Paceco"},"image":{"@id":"https:\/\/ronin4s.tech\/paceco\/#\/schema\/logo\/image\/"}}]}},"_links":{"self":[{"href":"https:\/\/paceco-momentum.com\/en\/wp-json\/wp\/v2\/pages\/1898","targetHints":{"allow":["GET"]}}],"collection":[{"href":"https:\/\/paceco-momentum.com\/en\/wp-json\/wp\/v2\/pages"}],"about":[{"href":"https:\/\/paceco-momentum.com\/en\/wp-json\/wp\/v2\/types\/page"}],"author":[{"embeddable":true,"href":"https:\/\/paceco-momentum.com\/en\/wp-json\/wp\/v2\/users\/1"}],"replies":[{"embeddable":true,"href":"https:\/\/paceco-momentum.com\/en\/wp-json\/wp\/v2\/comments?post=1898"}],"version-history":[{"count":0,"href":"https:\/\/paceco-momentum.com\/en\/wp-json\/wp\/v2\/pages\/1898\/revisions"}],"wp:attachment":[{"href":"https:\/\/paceco-momentum.com\/en\/wp-json\/wp\/v2\/media?parent=1898"}],"curies":[{"name":"wp","href":"https:\/\/api.w.org\/{rel}","templated":true}]}}